{"id":276,"date":"2015-01-15T01:58:29","date_gmt":"2015-01-15T01:58:29","guid":{"rendered":"http:\/\/mysticacostarica.com\/wordpress\/?page_id=276"},"modified":"2015-04-01T01:36:04","modified_gmt":"2015-04-01T01:36:04","slug":"guest_testimonials","status":"publish","type":"page","link":"https:\/\/www.mysticacostarica.com\/wordpress\/guest_testimonials\/","title":{"rendered":"Testimonials"},"content":{"rendered":"<p>We are from Alaska and have 2 kids (3 &amp; 5 yrs old). The staff welcomed us and we instantly relaxed into the beautiful and kid friendly grounds. I enjoyed a yoga class and a Reiki session while my husband easily entertained the kids with bird watching, swimming and a playground. The Italian food and pizza was so good we ate there every meal and booked a third night. We loved it and would recommend it to all types of travelers seeking peaceful surroundings, romance, and a healing vibe. Francesco and Lori were wonderful and their Costa Rican staff were like their extended family&#8230;all nurturing their 1 1\/2 year old trilingual son. My husband windsurfed at the primo spot located just 5 minutes away. The wind does blow here and there are no bugs. The view of Lake Arenal is breathtaking from their very special spot. Highly recommended!<br \/>\n<em>Katie, Alaska<\/em><\/p>\n<p>I&#8217;m in Heaven &#8211; and Eden as it should be\u2026 Thank you for letting us rest our bodies, our souls, and our senses in such natural splendor. It is love in all the best sense of its essence. My only wish is that all those whom I love &#8211; family and friends &#8211; will one day be able to come by and be filled with this beauty! Gracias, Merci, thank you, Danke.<br \/>\n<em>A guest from NYC \/ Columbia<\/em><\/p>\n<p>It is obvious the love &#8211; the passion that lives here. Thank you for our unforgettable time here. Mucho gusto!<br \/>\n<em>The Guelbes, Connecticut, USA<\/em><\/p>\n<p>Thank you for such a warm and welcoming visit. The food was delicious and the yoga platform so tranquil. The entire visit has been bliss. Many, many thanks.<br \/>\n<em>Alison, USA<\/em><\/p>\n<p>Mystica. El para\u00edso en la tierra. Despierta todos, los sentidos\u2026 gracias.<br \/>\n<em>Ale, Fraga, Mexico, DF<\/em><\/p>\n<p>We had a very wonderful time. Your staff was exceptional. It took a day or two to forget about the &#8216;tv&#8217;, but I think that now I don\u00b4t care. It was a life changing experience. Thanks!<br \/>\n<em>Alvin &amp; Elida<\/em><\/p>\n<p>We greeted the New Year\/Decade in Eden\u2026 Many thanks for the healing grace of this place. We know how much energy is necessary to create such a paradise. May we (and many you and all of your families and guest) keep the wonder of Mystica Lodge in our hearts throughout the year, throughout our lives. May your hearts be open! Do Reiki healing with Lori!<br \/>\nGratefully yours,<br \/>\n<em>Donna Baur<\/em><\/p>\n<p>&#8216;Love is the Essence&#8217;. At Mystica we can feel peace, beauty\u2026 and love\u2026 in the food, in the drinks, in the fire temple\u2026 in Francesco\u00b4s heart. Thank you so much! When you create this wonderful energy you will attract beauty all the time. Gracias. Obrigada.<br \/>\n<em>Avani<\/em><\/p>\n<p>Gracias al Universo por regalarme estas vacaciones, donde tuve la oportunidad de hacer yoga, relajarme, fundirme con la naturaleza, y ademas conoci a Fiorita. Gracias.<br \/>\n<em>DM<\/em><\/p>\n<p>Busque a Dios, y no lo encontre. Me busque a mi misma, y no me encontre. Busque al pr\u00f3jimo, y no lo encontr\u00e9. Vine a Mystica, y encontr\u00e9 a los tres.<br \/>\n<em>A guest from Spain<\/em><\/p>\n","protected":false},"excerpt":{"rendered":"<p>We are from Alaska and have 2 kids (3 &amp; 5 yrs old). The staff welcomed us and we instantly relaxed into the beautiful and kid friendly grounds. I enjoyed a yoga class and a Reiki session while my husband easily entertained the kids with bird watching, swimming and a[&#8230;]<\/p>\n","protected":false},"author":1,"featured_media":434,"parent":0,"menu_order":0,"comment_status":"closed","ping_status":"open","template":"template-fullwidth.php","meta":[],"yoast_head":"<!-- This site is optimized with the Yoast SEO plugin v19.0 - https:\/\/yoast.com\/wordpress\/plugins\/seo\/ -->\n<title>Testimonials - Mystica Costa Rica<\/title>\n<meta name=\"robots\" content=\"index, follow, max-snippet:-1, max-image-preview:large, max-video-preview:-1\" \/>\n<link rel=\"canonical\" href=\"http:\/\/www.mysticacostarica.com\/wordpress\/guest_testimonials\/\" \/>\n<meta property=\"og:locale\" content=\"en_US\" \/>\n<meta property=\"og:type\" content=\"article\" \/>\n<meta property=\"og:title\" content=\"Testimonials - Mystica Costa Rica\" \/>\n<meta property=\"og:description\" content=\"We are from Alaska and have 2 kids (3 &amp; 5 yrs old). The staff welcomed us and we instantly relaxed into the beautiful and kid friendly grounds. I enjoyed a yoga class and a Reiki session while my husband easily entertained the kids with bird watching, swimming and a[...]\" \/>\n<meta property=\"og:url\" content=\"http:\/\/www.mysticacostarica.com\/wordpress\/guest_testimonials\/\" \/>\n<meta property=\"og:site_name\" content=\"Mystica Costa Rica\" \/>\n<meta property=\"article:modified_time\" content=\"2015-04-01T01:36:04+00:00\" \/>\n<meta property=\"og:image\" content=\"http:\/\/www.mysticacostarica.com\/wordpress\/wp-content\/uploads\/2015\/03\/chairsbanner.jpg\" \/>\n\t<meta property=\"og:image:width\" content=\"2500\" \/>\n\t<meta property=\"og:image:height\" content=\"1661\" \/>\n\t<meta property=\"og:image:type\" content=\"image\/jpeg\" \/>\n<meta name=\"twitter:card\" content=\"summary_large_image\" \/>\n<meta name=\"twitter:label1\" content=\"Est. reading time\" \/>\n\t<meta name=\"twitter:data1\" content=\"3 minutes\" \/>\n<script type=\"application\/ld+json\" class=\"yoast-schema-graph\">{\"@context\":\"https:\/\/schema.org\",\"@graph\":[{\"@type\":\"WebSite\",\"@id\":\"http:\/\/www.mysticacostarica.com\/wordpress\/#website\",\"url\":\"http:\/\/www.mysticacostarica.com\/wordpress\/\",\"name\":\"Mystica Costa Rica\",\"description\":\"The Essence is Magic\",\"potentialAction\":[{\"@type\":\"SearchAction\",\"target\":{\"@type\":\"EntryPoint\",\"urlTemplate\":\"http:\/\/www.mysticacostarica.com\/wordpress\/?s={search_term_string}\"},\"query-input\":\"required name=search_term_string\"}],\"inLanguage\":\"en-US\"},{\"@type\":\"ImageObject\",\"inLanguage\":\"en-US\",\"@id\":\"http:\/\/www.mysticacostarica.com\/wordpress\/guest_testimonials\/#primaryimage\",\"url\":\"https:\/\/www.mysticacostarica.com\/wordpress\/wp-content\/uploads\/2015\/03\/chairsbanner.jpg\",\"contentUrl\":\"https:\/\/www.mysticacostarica.com\/wordpress\/wp-content\/uploads\/2015\/03\/chairsbanner.jpg\",\"width\":2500,\"height\":1661,\"caption\":\"Mystica Costa Rica view of Arenal Volcano\"},{\"@type\":\"WebPage\",\"@id\":\"http:\/\/www.mysticacostarica.com\/wordpress\/guest_testimonials\/#webpage\",\"url\":\"http:\/\/www.mysticacostarica.com\/wordpress\/guest_testimonials\/\",\"name\":\"Testimonials - Mystica Costa Rica\",\"isPartOf\":{\"@id\":\"http:\/\/www.mysticacostarica.com\/wordpress\/#website\"},\"primaryImageOfPage\":{\"@id\":\"http:\/\/www.mysticacostarica.com\/wordpress\/guest_testimonials\/#primaryimage\"},\"datePublished\":\"2015-01-15T01:58:29+00:00\",\"dateModified\":\"2015-04-01T01:36:04+00:00\",\"breadcrumb\":{\"@id\":\"http:\/\/www.mysticacostarica.com\/wordpress\/guest_testimonials\/#breadcrumb\"},\"inLanguage\":\"en-US\",\"potentialAction\":[{\"@type\":\"ReadAction\",\"target\":[\"http:\/\/www.mysticacostarica.com\/wordpress\/guest_testimonials\/\"]}]},{\"@type\":\"BreadcrumbList\",\"@id\":\"http:\/\/www.mysticacostarica.com\/wordpress\/guest_testimonials\/#breadcrumb\",\"itemListElement\":[{\"@type\":\"ListItem\",\"position\":1,\"name\":\"Home\",\"item\":\"http:\/\/www.mysticacostarica.com\/wordpress\/\"},{\"@type\":\"ListItem\",\"position\":2,\"name\":\"Testimonials\"}]}]}<\/script>\n<!-- \/ Yoast SEO plugin. -->","yoast_head_json":{"title":"Testimonials - Mystica Costa Rica","robots":{"index":"index","follow":"follow","max-snippet":"max-snippet:-1","max-image-preview":"max-image-preview:large","max-video-preview":"max-video-preview:-1"},"canonical":"http:\/\/www.mysticacostarica.com\/wordpress\/guest_testimonials\/","og_locale":"en_US","og_type":"article","og_title":"Testimonials - Mystica Costa Rica","og_description":"We are from Alaska and have 2 kids (3 &amp; 5 yrs old). The staff welcomed us and we instantly relaxed into the beautiful and kid friendly grounds. I enjoyed a yoga class and a Reiki session while my husband easily entertained the kids with bird watching, swimming and a[...]","og_url":"http:\/\/www.mysticacostarica.com\/wordpress\/guest_testimonials\/","og_site_name":"Mystica Costa Rica","article_modified_time":"2015-04-01T01:36:04+00:00","og_image":[{"width":2500,"height":1661,"url":"http:\/\/www.mysticacostarica.com\/wordpress\/wp-content\/uploads\/2015\/03\/chairsbanner.jpg","type":"image\/jpeg"}],"twitter_card":"summary_large_image","twitter_misc":{"Est. reading time":"3 minutes"},"schema":{"@context":"https:\/\/schema.org","@graph":[{"@type":"WebSite","@id":"http:\/\/www.mysticacostarica.com\/wordpress\/#website","url":"http:\/\/www.mysticacostarica.com\/wordpress\/","name":"Mystica Costa Rica","description":"The Essence is Magic","potentialAction":[{"@type":"SearchAction","target":{"@type":"EntryPoint","urlTemplate":"http:\/\/www.mysticacostarica.com\/wordpress\/?s={search_term_string}"},"query-input":"required name=search_term_string"}],"inLanguage":"en-US"},{"@type":"ImageObject","inLanguage":"en-US","@id":"http:\/\/www.mysticacostarica.com\/wordpress\/guest_testimonials\/#primaryimage","url":"https:\/\/www.mysticacostarica.com\/wordpress\/wp-content\/uploads\/2015\/03\/chairsbanner.jpg","contentUrl":"https:\/\/www.mysticacostarica.com\/wordpress\/wp-content\/uploads\/2015\/03\/chairsbanner.jpg","width":2500,"height":1661,"caption":"Mystica Costa Rica view of Arenal Volcano"},{"@type":"WebPage","@id":"http:\/\/www.mysticacostarica.com\/wordpress\/guest_testimonials\/#webpage","url":"http:\/\/www.mysticacostarica.com\/wordpress\/guest_testimonials\/","name":"Testimonials - Mystica Costa Rica","isPartOf":{"@id":"http:\/\/www.mysticacostarica.com\/wordpress\/#website"},"primaryImageOfPage":{"@id":"http:\/\/www.mysticacostarica.com\/wordpress\/guest_testimonials\/#primaryimage"},"datePublished":"2015-01-15T01:58:29+00:00","dateModified":"2015-04-01T01:36:04+00:00","breadcrumb":{"@id":"http:\/\/www.mysticacostarica.com\/wordpress\/guest_testimonials\/#breadcrumb"},"inLanguage":"en-US","potentialAction":[{"@type":"ReadAction","target":["http:\/\/www.mysticacostarica.com\/wordpress\/guest_testimonials\/"]}]},{"@type":"BreadcrumbList","@id":"http:\/\/www.mysticacostarica.com\/wordpress\/guest_testimonials\/#breadcrumb","itemListElement":[{"@type":"ListItem","position":1,"name":"Home","item":"http:\/\/www.mysticacostarica.com\/wordpress\/"},{"@type":"ListItem","position":2,"name":"Testimonials"}]}]}},"_links":{"self":[{"href":"https:\/\/www.mysticacostarica.com\/wordpress\/wp-json\/wp\/v2\/pages\/276"}],"collection":[{"href":"https:\/\/www.mysticacostarica.com\/wordpress\/wp-json\/wp\/v2\/pages"}],"about":[{"href":"https:\/\/www.mysticacostarica.com\/wordpress\/wp-json\/wp\/v2\/types\/page"}],"author":[{"embeddable":true,"href":"https:\/\/www.mysticacostarica.com\/wordpress\/wp-json\/wp\/v2\/users\/1"}],"replies":[{"embeddable":true,"href":"https:\/\/www.mysticacostarica.com\/wordpress\/wp-json\/wp\/v2\/comments?post=276"}],"version-history":[{"count":1,"href":"https:\/\/www.mysticacostarica.com\/wordpress\/wp-json\/wp\/v2\/pages\/276\/revisions"}],"predecessor-version":[{"id":277,"href":"https:\/\/www.mysticacostarica.com\/wordpress\/wp-json\/wp\/v2\/pages\/276\/revisions\/277"}],"wp:featuredmedia":[{"embeddable":true,"href":"https:\/\/www.mysticacostarica.com\/wordpress\/wp-json\/wp\/v2\/media\/434"}],"wp:attachment":[{"href":"https:\/\/www.mysticacostarica.com\/wordpress\/wp-json\/wp\/v2\/media?parent=276"}],"curies":[{"name":"wp","href":"https:\/\/api.w.org\/{rel}","templated":true}]}}